{"id":2,"date":"2023-05-09T13:53:11","date_gmt":"2023-05-09T11:53:11","guid":{"rendered":"http:\/\/www.betoncellulaire.com.tn\/?page_id=2"},"modified":"2024-09-20T12:46:42","modified_gmt":"2024-09-20T10:46:42","slug":"page-d-exemple","status":"publish","type":"page","link":"http:\/\/www.betoncellulaire.com.tn\/","title":{"rendered":"Bienvenue \u00e0 S.T.FOOM"},"content":{"rendered":"<div class=\"epyt-video-wrapper\"><iframe loading=\"lazy\"  id=\"_ytid_45075\"  width=\"1200\" height=\"675\"  data-origwidth=\"1200\" data-origheight=\"675\"  data-relstop=\"1\" src=\"https:\/\/www.youtube.com\/embed\/4MZ7KeyooN8?enablejsapi=1&autoplay=1&cc_load_policy=0&iv_load_policy=1&loop=0&modestbranding=1&fs=1&playsinline=0&controls=1&color=red&cc_lang_pref=&rel=0&autohide=2&theme=dark&\" class=\"__youtube_prefs__  no-lazyload\" title=\"YouTube player\"  allow=\"accelerometer; autoplay; clipboard-write; encrypted-media; gyroscope; picture-in-picture\" allowfullscreen data-no-lazy=\"1\" data-skipgform_ajax_framebjll=\"\"><\/iframe><\/div>\r\n<p><img loading=\"lazy\" decoding=\"async\" class=\"aligncenter wp-image-60 size-full\" src=\"http:\/\/www.betoncellulaire.com.tn\/web\/wp-content\/uploads\/2023\/05\/42.jpg\" alt=\"\" width=\"1240\" height=\"525\" srcset=\"http:\/\/www.betoncellulaire.com.tn\/wp-content\/uploads\/2023\/05\/42.jpg 1240w, http:\/\/www.betoncellulaire.com.tn\/wp-content\/uploads\/2023\/05\/42-300x127.jpg 300w, http:\/\/www.betoncellulaire.com.tn\/wp-content\/uploads\/2023\/05\/42-1024x434.jpg 1024w, http:\/\/www.betoncellulaire.com.tn\/wp-content\/uploads\/2023\/05\/42-768x325.jpg 768w\" sizes=\"auto, (max-width: 1240px) 100vw, 1240px\" \/>Comme votre confort et satisfaction pr\u00e9sentent notre grand souci, notre produit B\u00e9ton Cellulaire 3P Luxe tire son nom de sa composition parfaite, sa structure poreuse performante qui est caract\u00e9ris\u00e9e les cellules d\u2019air microscopiques et sa sp\u00e9cificit\u00e9 d\u2019\u00eatre pr\u00eat \u00e0 l\u2019emploi !<\/p>\r\n<!-- \/wp:post-content -->\r\n\r\n<!-- wp:quote -->\r\n<blockquote class=\"wp-block-quote\"><!-- wp:quote -->\r\n<blockquote class=\"wp-block-quote\"><!-- wp:heading {\"level\":3} -->\r\n<h3 class=\"wp-block-heading\">Ses avantages bri\u00e8vement<\/h3>\r\n<!-- \/wp:heading -->\r\n\r\n<!-- wp:paragraph -->\r\n<p>Haute isolation thermique et phonique, sa pose est beaucoup plus rapide que le b\u00e9ton traditionnel, pr\u00e9paration automatique selon un syst\u00e8me informatis\u00e9 bien d\u00e9velopp\u00e9.<br \/><strong>Le B\u00e9ton Cellulaire 3P Luxe est consid\u00e9r\u00e9 comme mat\u00e9riau \u00e9cologique et qui respecte l\u2019environnement.<\/strong><\/p>\r\n<!-- \/wp:paragraph --><\/blockquote>\r\n<!-- \/wp:quote --><\/blockquote>\r\n<!-- \/wp:quote -->","protected":false},"excerpt":{"rendered":"<p>Comme votre confort et satisfaction pr\u00e9sentent notre grand souci, notre produit B\u00e9ton Cellulaire 3P Luxe tire son nom de sa composition parfaite, sa structure poreuse performante qui est caract\u00e9ris\u00e9e les cellules d\u2019air microscopiques et sa sp\u00e9cificit\u00e9 d\u2019\u00eatre pr\u00eat \u00e0 l\u2019emploi ! Ses avantages bri\u00e8vement Haute isolation thermique et phonique, sa pose est beaucoup plus rapide&hellip;&nbsp;<a href=\"http:\/\/www.betoncellulaire.com.tn\/\" class=\"\" rel=\"bookmark\">Lire la suite &raquo;<span class=\"screen-reader-text\">Bienvenue \u00e0 S.T.FOOM<\/span><\/a><\/p>\n","protected":false},"author":1,"featured_media":0,"parent":0,"menu_order":0,"comment_status":"closed","ping_status":"open","template":"","meta":{"neve_meta_sidebar":"","neve_meta_container":"","neve_meta_enable_content_width":"off","neve_meta_content_width":100,"neve_meta_title_alignment":"","neve_meta_author_avatar":"","neve_post_elements_order":"","neve_meta_disable_header":"","neve_meta_disable_footer":"","neve_meta_disable_title":"","footnotes":""},"class_list":["post-2","page","type-page","status-publish","hentry"],"_links":{"self":[{"href":"http:\/\/www.betoncellulaire.com.tn\/index.php?rest_route=\/wp\/v2\/pages\/2","targetHints":{"allow":["GET"]}}],"collection":[{"href":"http:\/\/www.betoncellulaire.com.tn\/index.php?rest_route=\/wp\/v2\/pages"}],"about":[{"href":"http:\/\/www.betoncellulaire.com.tn\/index.php?rest_route=\/wp\/v2\/types\/page"}],"author":[{"embeddable":true,"href":"http:\/\/www.betoncellulaire.com.tn\/index.php?rest_route=\/wp\/v2\/users\/1"}],"replies":[{"embeddable":true,"href":"http:\/\/www.betoncellulaire.com.tn\/index.php?rest_route=%2Fwp%2Fv2%2Fcomments&post=2"}],"version-history":[{"count":19,"href":"http:\/\/www.betoncellulaire.com.tn\/index.php?rest_route=\/wp\/v2\/pages\/2\/revisions"}],"predecessor-version":[{"id":119,"href":"http:\/\/www.betoncellulaire.com.tn\/index.php?rest_route=\/wp\/v2\/pages\/2\/revisions\/119"}],"wp:attachment":[{"href":"http:\/\/www.betoncellulaire.com.tn\/index.php?rest_route=%2Fwp%2Fv2%2Fmedia&parent=2"}],"curies":[{"name":"wp","href":"https:\/\/api.w.org\/{rel}","templated":true}]}}